{"id":8710,"date":"2024-04-10T08:22:20","date_gmt":"2024-04-10T08:22:20","guid":{"rendered":"https:\/\/www.upra.org\/es\/?page_id=8710"},"modified":"2026-02-19T10:36:15","modified_gmt":"2026-02-19T10:36:15","slug":"solicitud-de-apoyo-al-estudio","status":"publish","type":"page","link":"https:\/\/www.upra.org\/es\/inscripcion\/apoyo-al-estudio\/solicitud-de-apoyo-al-estudio\/","title":{"rendered":"Solicitud de apoyo al estudio"},"content":{"rendered":"<section class=\"block  paragraph-box full-width\" \n            >\n\n      <div class=\"paragraph-box__content text-center pt-40 md:pt-50 pb-40 md:pb-50\" id=\"\" style=\"\">\n\n          <div class=\"container\" style=\"\">\n  \n  \n  \n      <div class=\"!mb-30 intro-text text-left\">\n      <p><p>Solo se aceptar\u00e1n las solicitudes cuya documentaci\u00f3n est\u00e9 completa.<\/p>\n<p>La solicitud de ayuda financiera debe presentarse antes de las fechas siguientes:<\/p>\n<ul>\n<li><b>solicitud de reducci\u00f3n para todo el a\u00f1o acad\u00e9mico 2026\/2027<\/b>:<\/li>\n<\/ul>\n<ol>\n<li>del 01\/04\/2026 al 30\/06\/2026<\/li>\n<li>del 01\/09\/2026 al 24\/09\/2026<\/li>\n<\/ol>\n<ul>\n<li><strong>SOLO PARA EL CICLO DE DOCTORADO <b>para el a\u00f1o acad\u00e9mico 2026\/2027:<\/b><\/strong><\/li>\n<\/ul>\n<p>del 25\/09\/2026 al 15\/10\/2026<\/p>\n<ul>\n<li><b>solicitud de reducci\u00f3n para el segundo semestre acad\u00e9mico 2026\/2027:<\/b><\/li>\n<\/ul>\n<p>del 02\/11\/2026 al 15\/01\/202<\/p>\n<h3><strong>Para enviar su solicitud, rellene el formulario en l\u00ednea en este <a href=\"https:\/\/form.upra.org\/servizionline\/form\/ModulorichiestaAgevolazioneallostudio20252026\/formperma\/4mLWfkwvuqtmYYn86TX8_uNzQcQqtlDP_0qssem-Qzs?zf_lang=es\" target=\"_blank\" rel=\"noopener\">enlace<\/a>. <\/strong><\/h3>\n<p>Las solicitudes deber\u00e1n ir acompa\u00f1adas de los siguientes <b>documentos<\/b>:<\/p>\n<ul>\n<li><b>Carta de presentaci\u00f3n <\/b>del Obispo de la Di\u00f3cesis o del Superior del Instituto o la Comunidad a la que pertenezca (en el caso de los religiosos)<\/li>\n<li><b>Formulario ISEE <\/b>para estudiantes residentes en Italia (PD: en el caso de un estudiante extranjero no residente en Italia, de un estudiante extranjero residente en Italia pero no aut\u00f3nomo y con familiares residentes en el extranjero o de un estudiante italiano residente en el extranjero, deber\u00e1 presentarse la documentaci\u00f3n que certifique los ingresos y los familiares).<\/li>\n<\/ul>\n<p>Seg\u00fan lo previsto e indicado en el <a href=\"https:\/\/www.upra.org\/app\/uploads\/2024\/01\/Norme-per-il-Sostegno-allo-Studio-2021-1.pdf\">Reglamento de apoyo al estudio <\/a>, todas las decisiones relativas a las distintas instalaciones son responsabilidad del <b>Comit\u00e9 de Apoyo al estudio<\/b>.<\/p>\n<p>Solo se tendr\u00e1n en cuenta las solicitudes cuya documentaci\u00f3n est\u00e9 completa.<\/p>\n<\/p>\n    <\/div>\n  \n      <div class=\"container buttons mt-20 mb-20 flex items-center md:items-start flex-col md:flex-row flex-wrap md:flex-nowrap justify-center\">\n              <a href=https:\/\/form.upra.org\/servizionline\/form\/ModulorichiestaAgevolazioneallostudio20252026\/formperma\/4mLWfkwvuqtmYYn86TX8_uNzQcQqtlDP_0qssem-Qzs?zf_lang=es   title=\"FORMULARIO BECA\"  class=\"button mx-10 my-10 mb-20 md:mb-10 mt-0 md:mb-4 --button-border hover-underline  \">\n                    <span class=\"button__label\">FORMULARIO BECA<\/span>\n  <\/a>\n          <\/div>\n  \n\n<\/div>\n    \n    \n    \n    \n  <\/div>\n\n  <\/section>\n","protected":false},"excerpt":{"rendered":"","protected":false},"author":10,"featured_media":0,"parent":1418,"menu_order":0,"comment_status":"closed","ping_status":"closed","template":"","meta":{"_acf_changed":false,"footnotes":""},"class_list":["post-8710","page","type-page","status-publish","hentry"],"acf":[],"_links":{"self":[{"href":"https:\/\/www.upra.org\/es\/wp-json\/wp\/v2\/pages\/8710","targetHints":{"allow":["GET"]}}],"collection":[{"href":"https:\/\/www.upra.org\/es\/wp-json\/wp\/v2\/pages"}],"about":[{"href":"https:\/\/www.upra.org\/es\/wp-json\/wp\/v2\/types\/page"}],"author":[{"embeddable":true,"href":"https:\/\/www.upra.org\/es\/wp-json\/wp\/v2\/users\/10"}],"replies":[{"embeddable":true,"href":"https:\/\/www.upra.org\/es\/wp-json\/wp\/v2\/comments?post=8710"}],"version-history":[{"count":11,"href":"https:\/\/www.upra.org\/es\/wp-json\/wp\/v2\/pages\/8710\/revisions"}],"predecessor-version":[{"id":11902,"href":"https:\/\/www.upra.org\/es\/wp-json\/wp\/v2\/pages\/8710\/revisions\/11902"}],"up":[{"embeddable":true,"href":"https:\/\/www.upra.org\/es\/wp-json\/wp\/v2\/pages\/1418"}],"wp:attachment":[{"href":"https:\/\/www.upra.org\/es\/wp-json\/wp\/v2\/media?parent=8710"}],"curies":[{"name":"wp","href":"https:\/\/api.w.org\/{rel}","templated":true}]}}