{"id":958,"date":"2023-07-12T12:42:50","date_gmt":"2023-07-12T12:42:50","guid":{"rendered":"https:\/\/www.upra.org\/es\/?page_id=958"},"modified":"2025-06-24T12:37:15","modified_gmt":"2025-06-24T12:37:15","slug":"instituto-sacerdos","status":"publish","type":"page","link":"https:\/\/www.upra.org\/es\/facultades-institutos\/institutos\/instituto-sacerdos\/","title":{"rendered":"Instituto Sacerdos"},"content":{"rendered":"<section class=\"block  cta-with-media full-width\" \n            >\n\n      <div class=\"cta-with-media__content  template-media-sx py-60 md:py-80\" id=\"\" style=\"\">\n\n    <div class=\"container\">\n      \n        <div class=\"flex flex-col gap-40 md:gap-50 lg:gap-100 md:flex-row\n        md:items-start\">\n\n          <div class=\"flex-1\">\n            <div class=\"media\" style=\"--bg-color-var: #FFFFFF\">\n              <div\n  class=\"image bg-cover  --is-png \"\n   data-defer >\n  <figure>\n    <div class=\"image__wrapper\">\n              <picture>\n          \n          <source\n            srcset=\"\"\n            sizes=\"(min-width: 992px) 808px, (min-width: 768px) 680px, 100vw\"\n          \/>\n          <img decoding=\"async\" src=\"https:\/\/www.upra.org\/app\/uploads\/sites\/5\/2023\/09\/Istituto-Sacerdos.png\" width=\"\" height=\"\" alt=\"Istituto Sacerdos\">\n        <\/picture>\n          <\/div>\n      <\/figure>\n<\/div>\n\n                          <\/div>\n          <\/div>\n\n          <div class=\"flex-1\">\n                                  <p class=\"!mb-40\"><p class=\"\" data-start=\"56\" data-end=\"189\">El<strong data-start=\"56\" data-end=\"189\"> Instituto Sacerdos <\/strong>es una entidad acad\u00e9mica de car\u00e1cter internacional que promueve la formaci\u00f3n permanente de los presb\u00edteros.<\/p>\n<p class=\"\" data-start=\"191\" data-end=\"485\">El Instituto ofrece cursos orientados a favorecer diversos aspectos de la caridad pastoral, como la preparaci\u00f3n de formadores de seminario, la promoci\u00f3n de la renovaci\u00f3n espiritual sacerdotal y cualquier otra actividad que fomente la investigaci\u00f3n en el \u00e1mbito pastoral, teol\u00f3gico y filos\u00f3fico.<\/p>\n<p>&nbsp;<\/p>\n<p>El documento del Plan de Estudios puede estar sujeto a cambios:<\/p>\n<\/p>\n                                          <a href=https:\/\/www.upra.org\/app\/uploads\/sites\/5\/2025\/06\/Ordo-Accademico-2025_2026-SACERDOS.pdf  target=_blank  title=\"Descarga el Plan de Estudio 2025-2026\"   rel=\"noopener noreferrer\" class=\"button --button-border  \">\n    <span class=\"button__label\">Descarga el Plan de Estudio 2025-2026<\/span>\n      <span class=\"button__icon icon icon-arrow-right\">\n      <span class=\"lnr lnr-arrow-right\"><\/span>\n\n    <\/span>\n  <\/a>\n                  <\/div>\n      <\/div>\n\n    <\/div>\n\n  <\/div>\n\n  <\/section>\n\n\n<div class=\"container\">\n<h2 class=\"wp-block-heading has-text-align-center\"><strong>Los cursos del Instituto Sacerdos<\/strong><\/h2>\n<\/div>\n\n<section class=\"block  course-infoboxes full-width\" \n            >\n\n      <div class=\"course-infoboxes__content py-20 md:py-60 theme-dark\" id=\"\">\n    <div class=\"container px-20 md:px-0 align-center\">\n      \n              <div class=\"flex flex-col md:flex-none md:grid md:grid-cols-3  gap-16 text-center\">\n                                                          \n            <div class=\"col-span-1 py-40 px-30 bg-gray\">\n                              <h3 class=\"s30 text-primary font-500 mb-20\">Curso de renovaci\u00f3n sacerdotal en Tierra Santa<\/h3>\n                                                          <a href=http:\/\/Ver el programa completo  target=_blank  title=\"Ver el programa completo\"   rel=\"noopener noreferrer\" class=\"button mb-20 font-500  --dark \">\n    <span class=\"button__label\">Ver el programa completo<\/span>\n      <span class=\"button__icon icon-arrow\">\n      <svg xmlns=\"http:\/\/www.w3.org\/2000\/svg\" width=\"35\" height=\"12.828\" viewBox=\"0 0 35 12.828\">\n  <g id=\"Icon_feather-arrow-right\" data-name=\"Icon feather-arrow-right\" transform=\"translate(16.5 -6.086)\">\n    <path id=\"Tracciato_346\" data-name=\"Tracciato 346\" d=\"M7.5,18h33\" transform=\"translate(-23 -5.5)\" fill=\"none\" stroke=\"#171717\" stroke-linecap=\"round\" stroke-linejoin=\"round\" stroke-width=\"2\"\/>\n    <path id=\"Tracciato_347\" data-name=\"Tracciato 347\" d=\"M18,7.5l5,5-5,5\" transform=\"translate(-5.5 0)\" fill=\"none\" stroke=\"#171717\" stroke-linecap=\"round\" stroke-linejoin=\"round\" stroke-width=\"2\"\/>\n  <\/g>\n<\/svg>\n\n    <\/span>\n  <\/a>\n                                                      <\/div>\n                                                \n            <div class=\"col-span-1 py-40 px-30 bg-gray\">\n                              <h3 class=\"s30 text-primary font-500 mb-20\">Curso internacional para formadores de seminario<\/h3>\n                                                          <a href=https:\/\/www.upra.org\/es\/corsi\/programma\/curso-para-formadores-de-seminarios\/  target=_blank  title=\"Ver el programa completo\"   rel=\"noopener noreferrer\" class=\"button mb-20 font-500  --dark \">\n    <span class=\"button__label\">Ver el programa completo<\/span>\n      <span class=\"button__icon icon-arrow\">\n      <svg xmlns=\"http:\/\/www.w3.org\/2000\/svg\" width=\"35\" height=\"12.828\" viewBox=\"0 0 35 12.828\">\n  <g id=\"Icon_feather-arrow-right\" data-name=\"Icon feather-arrow-right\" transform=\"translate(16.5 -6.086)\">\n    <path id=\"Tracciato_346\" data-name=\"Tracciato 346\" d=\"M7.5,18h33\" transform=\"translate(-23 -5.5)\" fill=\"none\" stroke=\"#171717\" stroke-linecap=\"round\" stroke-linejoin=\"round\" stroke-width=\"2\"\/>\n    <path id=\"Tracciato_347\" data-name=\"Tracciato 347\" d=\"M18,7.5l5,5-5,5\" transform=\"translate(-5.5 0)\" fill=\"none\" stroke=\"#171717\" stroke-linecap=\"round\" stroke-linejoin=\"round\" stroke-width=\"2\"\/>\n  <\/g>\n<\/svg>\n\n    <\/span>\n  <\/a>\n                                                      <\/div>\n                                                \n            <div class=\"col-span-1 py-40 px-30 bg-gray\">\n                              <h3 class=\"s30 text-primary font-500 mb-20\">Curso sobre el ministerio del exorcismo y la oraci\u00f3n de liberaci\u00f3n<\/h3>\n                                                          <a href=https:\/\/www.upra.org\/es\/corsi\/programma\/curso-sobre-el-ministerio-del-exorcismo-y-la-oracion-de-liberacion\/  target=_blank  title=\"Ver el programa completo\"   rel=\"noopener noreferrer\" class=\"button mb-20 font-500  --dark \">\n    <span class=\"button__label\">Ver el programa completo<\/span>\n      <span class=\"button__icon icon-arrow\">\n      <svg xmlns=\"http:\/\/www.w3.org\/2000\/svg\" width=\"35\" height=\"12.828\" viewBox=\"0 0 35 12.828\">\n  <g id=\"Icon_feather-arrow-right\" data-name=\"Icon feather-arrow-right\" transform=\"translate(16.5 -6.086)\">\n    <path id=\"Tracciato_346\" data-name=\"Tracciato 346\" d=\"M7.5,18h33\" transform=\"translate(-23 -5.5)\" fill=\"none\" stroke=\"#171717\" stroke-linecap=\"round\" stroke-linejoin=\"round\" stroke-width=\"2\"\/>\n    <path id=\"Tracciato_347\" data-name=\"Tracciato 347\" d=\"M18,7.5l5,5-5,5\" transform=\"translate(-5.5 0)\" fill=\"none\" stroke=\"#171717\" stroke-linecap=\"round\" stroke-linejoin=\"round\" stroke-width=\"2\"\/>\n  <\/g>\n<\/svg>\n\n    <\/span>\n  <\/a>\n                                                      <\/div>\n                  <\/div>\n      \n    <\/div>\n  <\/div>\n\n  <\/section>\n\n\n<div  id=\"button-group-block_a16162f1ed9437f246e81f0554353237\">\n  <div class=\"container text-center\">\n    <a href=https:\/\/sacerdos.org\/es\/home-3\/  target=_blank  title=\"Ir al Instituto Sacerdos\"   rel=\"noopener noreferrer\" class=\"button --button-border mt-40  \">\n    <span class=\"button__label\">Ir al Instituto Sacerdos<\/span>\n      <span class=\"button__icon icon icon-arrow-right\">\n      <span class=\"lnr lnr-arrow-right\"><\/span>\n\n    <\/span>\n  <\/a>\n  <\/div>\n<\/div>\n\n  <style>\n    #button-group-block_a16162f1ed9437f246e81f0554353237 {\n  padding-bottom: 30px;\n  }\n  <\/style>\n\n\n<section class=\"block  news-binder full-width\" \n            >\n\n      <div class=\"news-binder__content pt-50 md:pt-80 pb-50\" id=\"\" style=\"background-color: #f2f3f5\">\n    <div class=\"container flex flex-row justify-between gap-10\">\n      <div class=\"basis-2\/3 pl-0\">\n                            <h2 class=\"s40 font-500 text-primary\">Noticias del Instituto Sacerdos<\/h2>\n              <\/div>\n      <div class=\"hidden md:block basis-1\/3\">\n                <a href=https:\/\/www.upra.org\/es\/comunicacion\/news\/   title=\"Leer las noticias\"  class=\"button --button-border  \">\n    <span class=\"button__label\">Leer las noticias<\/span>\n      <span class=\"button__icon icon icon-arrow-right\">\n      <span class=\"lnr lnr-arrow-right\"><\/span>\n\n    <\/span>\n  <\/a>\n              <\/div>\n                          <div class=\"navigation relative z-20 text-center basis-1\/3 pl-0 pr-0 md:opacity-0\">\n        <div class=\"swiper-button-prev inline-block\"><i class=\"fa-solid fa-angle-left text-primary\"><\/i><\/div>\n        <div class=\"swiper-button-next inline-block\"><i class=\"fa-solid fa-angle-right text-primary\"><\/i><\/div>\n      <\/div>\n    <\/div>\n          <div class=\"container overflow-hidden pl-20 md:pl-0\">\n        <div\n          class=\"slider slider-disabled\"\n          data-slider-config='{\n            \"slidesPerView\": 1,\n            \"spaceBetween\": 0,\n            \"navigation\": {\n              \"nextEl\": \".block.news-binder .swiper-button-next\",\n              \"prevEl\": \".block.news-binder .swiper-button-prev\"\n            },\n            \"autoplay\": false,\n            \"loop\": false,\n            \"breakpoints\": {\n              \"768\": {\n                \"slidesPerView\": 2,\n                \"spaceBetween\": 16\n              },\n              \"992\": {\n                \"slidesPerView\": 2,\n                \"spaceBetween\": 16\n              }\n            }\n          }'\n          >\n          <div class=\"swiper-wrapper z-10 relative mt-40 mb-40\">\n                                        <div class=\"swiper-slide\">\n                <article class=\"card --category h-full category \">\n      <a href=\"https:\/\/www.upra.org\/es\/comunicazione\/news\/ya-esta-disponible-el-curso-online-de-renovacion-sacerdotal-en-tierra-santa\/\" target=\"_self\"  title=\"Ya est\u00e1 disponible el &quot;Curso online de renovaci\u00f3n sacerdotal en Tierra Santa&quot;\" ><\/a>\n    <div class=\"card__inner flex flex-row h-full\">\n    <div class=\"card__visual relative basis-1\/3\">\n              <div>\n          <div\n  class=\"image bg-cover  --is-jpg \"\n   data-defer >\n  <figure>\n    <div class=\"image__wrapper\">\n              <picture>\n          \n          <source\n            srcset=\"\"\n            sizes=\"(min-width: 992px) 740px, (min-width: 768px) 680px, 100vw\"\n          \/>\n          <img decoding=\"async\" src=\"https:\/\/www.upra.org\/app\/uploads\/sites\/5\/2024\/06\/DSC00960-scaled-e1717421949642.jpg\" width=\"\" height=\"\" alt=\"DSC00960\">\n        <\/picture>\n          <\/div>\n      <\/figure>\n<\/div>\n        <\/div>\n          <\/div>\n    <div class=\"card__content basis-2\/3 data-def\">\n      <div class=\"pl-14 md:pl-20 pr-20 pt-5 md:pt-10\">\n        <div class=\"date pb-5\">\n  <p class=\"date s14 text-primary\">\n        12 junio 2024\n      <\/p>\n<\/div>\n                  <h3 class=\"card__title font-medium font-500\">Ya est\u00e1 disponible el \u00abCurso online de renovaci\u00f3n sacerdotal en Tierra Santa\u00bb<\/h3>\n                        \n                  <div class=\"mt-10\">\n            <a href=https:\/\/www.upra.org\/es\/comunicazione\/news\/ya-esta-disponible-el-curso-online-de-renovacion-sacerdotal-en-tierra-santa\/   title=\"Leer todo\"  class=\"button   \">\n    <span class=\"button__label\">Leer todo<\/span>\n      <span class=\"button__icon icon-arrow\">\n      <svg xmlns=\"http:\/\/www.w3.org\/2000\/svg\" width=\"35\" height=\"12.828\" viewBox=\"0 0 35 12.828\">\n  <g id=\"Icon_feather-arrow-right\" data-name=\"Icon feather-arrow-right\" transform=\"translate(16.5 -6.086)\">\n    <path id=\"Tracciato_346\" data-name=\"Tracciato 346\" d=\"M7.5,18h33\" transform=\"translate(-23 -5.5)\" fill=\"none\" stroke=\"#171717\" stroke-linecap=\"round\" stroke-linejoin=\"round\" stroke-width=\"2\"\/>\n    <path id=\"Tracciato_347\" data-name=\"Tracciato 347\" d=\"M18,7.5l5,5-5,5\" transform=\"translate(-5.5 0)\" fill=\"none\" stroke=\"#171717\" stroke-linecap=\"round\" stroke-linejoin=\"round\" stroke-width=\"2\"\/>\n  <\/g>\n<\/svg>\n\n    <\/span>\n  <\/a>\n          <\/div>\n              <\/div>\n\n    <\/div>\n  <\/div>\n<\/article>\n              <\/div>\n                      <\/div>\n\n          <div class=\"block md:hidden text-center\">\n            <a href=https:\/\/www.upra.org\/es\/comunicacion\/news\/   title=\"Leer las noticias\"  class=\"button --button-border  \">\n    <span class=\"button__label\">Leer las noticias<\/span>\n      <span class=\"button__icon icon icon-arrow-right\">\n      <span class=\"lnr lnr-arrow-right\"><\/span>\n\n    <\/span>\n  <\/a>\n          <\/div>\n\n        <\/div>\n\n      <\/div>\n      <\/div>\n\n  <\/section>\n\n\n\n\n<section class=\"block  testimonials-binder full-width\" \n            >\n\n      <div class=\"testimonials-binder__content pt-80 pb-40\" id=\"\" style=\"\">\n    <div class=\"container flex flex-row justify-between items-stretch md:items-end gap-0 md:gap-30 intro_title\">\n      <div class=\"basis-3\/3 md:basis-2\/3 pl-0 md:pr-20 col_sx text-left\">\n                            <h2 class=\"s40 font-500 text-primary\">Las voces del Instituto Sacerdos<\/h2>\n              <\/div>\n      <div class=\"basis-0\/3 md:basis-1\/3 pr-20 col_dx\">\n\n      <\/div>\n    <\/div>\n    <div class=\"container flex flex-row justify-between items-stretch md:items-end gap-0 md:gap-30 intro_text full-width\">\n      <div class=\"basis-3\/3 md:basis-2\/3 pr-0 md:pl-0 md:pr-20 col_sx text-left\">\n              <\/div>\n      <div class=\"basis-0\/3 md:basis-1\/3 pr-20 col_dx\">\n                                  <div class=\"navigation relative z-20 text-right pb-4 md:opacity-0\">\n          <div class=\"swiper-button-prev inline-block\"><i class=\"fa-solid fa-angle-left text-primary\"><\/i><\/div>\n          <div class=\"swiper-button-next inline-block\"><i class=\"fa-solid fa-angle-right text-primary\"><\/i><\/div>\n        <\/div>\n      <\/div>\n    <\/div>\n                <div class=\"container overflow-hidden pl-20 pr-20 md:pl-0 md:pr-0\">\n        <div\n          class=\"slider slider-disabled\"\n          data-slider-config='{\n            \"slidesPerView\": 1.1,\n            \"spaceBetween\": 10,\n            \"navigation\": {\n              \"nextEl\": \".block.testimonials-binder .swiper-button-next\",\n              \"prevEl\": \".block.testimonials-binder .swiper-button-prev\"\n            },\n            \"autoplay\": false,\n            \"loop\": false,\n            \"breakpoints\": {\n              \"768\": {\n                \"slidesPerView\": 3,\n                \"spaceBetween\": 16\n              },\n              \"992\": {\n                \"slidesPerView\": 3,\n                \"spaceBetween\": 16\n              }\n            }\n          }'\n          >\n          <div class=\"swiper-wrapper z-10 relative mt-40 mb-40\">\n                                        <div class=\"swiper-slide !h-auto\">\n                <article class=\"card --testimonials h-full testimonials \">\n      <a href=\"https:\/\/www.upra.org\/es\/testimonials\/studenti-partecipano-al-programma-internazionale-in-altum-2\/\" target=\"_self\"  title=\"Athenaeum Graduate Receives University of Notre Dame \u2026\" ><\/a>\n    <div class=\"card__inner flex flex-col h-full\">\n    <div class=\"card__visual relative basis-1\/3\">\n              <div>\n          <div\n  class=\"image bg-cover  --is-jpg \"\n   data-defer >\n  <figure>\n    <div class=\"image__wrapper\">\n              <picture>\n          \n          <source\n            srcset=\"\"\n            sizes=\"(min-width: 992px) 740px, (min-width: 768px) 680px, 100vw\"\n          \/>\n          <img decoding=\"async\" src=\"https:\/\/www.upra.org\/app\/uploads\/sites\/5\/2023\/07\/pexels-mart-production-7219106-scaled.jpg\" width=\"\" height=\"\" alt=\"pexels-mart-production-7219106\">\n        <\/picture>\n          <\/div>\n      <\/figure>\n<\/div>\n        <\/div>\n          <\/div>\n    <div class=\"card__content basis-2\/3 data-def\">\n      <div class=\"pl-14 md:pl-20 pr-20 pt-5 md:pt-10\">\n        <div class=\"date pb-5\">\n  <p class=\"date s14 text-primary\">\n        28 agosto 2019\n      <\/p>\n<\/div>\n                  <h3 class=\"card__title font-medium font-500\">Athenaeum Graduate Receives University of Notre Dame \u2026<\/h3>\n                        \n                  <div class=\"mt-10\">\n            <a href=https:\/\/www.upra.org\/es\/testimonials\/studenti-partecipano-al-programma-internazionale-in-altum-2\/   title=\"Leer todo\"  class=\"button   \">\n    <span class=\"button__label\">Leer todo<\/span>\n      <span class=\"button__icon icon-arrow\">\n      <svg xmlns=\"http:\/\/www.w3.org\/2000\/svg\" width=\"35\" height=\"12.828\" viewBox=\"0 0 35 12.828\">\n  <g id=\"Icon_feather-arrow-right\" data-name=\"Icon feather-arrow-right\" transform=\"translate(16.5 -6.086)\">\n    <path id=\"Tracciato_346\" data-name=\"Tracciato 346\" d=\"M7.5,18h33\" transform=\"translate(-23 -5.5)\" fill=\"none\" stroke=\"#171717\" stroke-linecap=\"round\" stroke-linejoin=\"round\" stroke-width=\"2\"\/>\n    <path id=\"Tracciato_347\" data-name=\"Tracciato 347\" d=\"M18,7.5l5,5-5,5\" transform=\"translate(-5.5 0)\" fill=\"none\" stroke=\"#171717\" stroke-linecap=\"round\" stroke-linejoin=\"round\" stroke-width=\"2\"\/>\n  <\/g>\n<\/svg>\n\n    <\/span>\n  <\/a>\n          <\/div>\n              <\/div>\n\n    <\/div>\n  <\/div>\n<\/article>\n              <\/div>\n                      <\/div>\n\n        <\/div>\n\n      <\/div>\n      <\/div>\n\n  <\/section>\n\n\n<section class=\"block  cta-banner full-width\" \n            >\n\n      <div class=\"cta-banner__content text-white two-column pt-60 md:pt-80 pb-60 md:pb-80\" id=\"\" style=\"background-color: #003da5\">\n    <div class=\"container px-20 md:px-0\">\n      <div>\n                            <h2 class=\"py-20 s50 font-500 text-primary text-center md:text-left\">Contactos<\/h2>\n                      <\/div>\n      <div>\n                          <a href=https:\/\/www.upra.org\/es\/ateneo\/contactos\/   title=\"Descubrir\"  class=\"button --button-border mb-20 bg-white  \">\n    <span class=\"button__label\">Descubrir<\/span>\n  <\/a>\n                          <a href=https:\/\/upra.zohobookings.eu\/#\/ateneopontificioreginaapostolorum   title=\"RESERVE TU VIDEOLLAMADA\"  class=\"button --button-border mb-20 bg-white  \">\n    <span class=\"button__label\">RESERVE TU VIDEOLLAMADA<\/span>\n  <\/a>\n        \n        \n                  <div class=\"pt-20 simple_links\">\n                      <a href=https:\/\/www.upra.org\/es\/admision\/como-inscribirse\/   title=\"C\u00f3mo inscribirte\"  class=\"button mb-20 --underline  --white \">\n    <span class=\"button__label\">C\u00f3mo inscribirte<\/span>\n  <\/a>\n                      <a href=https:\/\/www.upra.org\/es\/facultades-institutos\/   title=\"Otros programas que pueden interesarte\"  class=\"button mb-20 --underline  --white \">\n    <span class=\"button__label\">Otros programas que pueden interesarte<\/span>\n  <\/a>\n                    <\/div>\n              <\/div>\n    <\/div>\n\n  <\/div>\n\n  <\/section>\n","protected":false},"excerpt":{"rendered":"<p>Los cursos del Instituto Sacerdos<\/p>\n","protected":false},"author":3,"featured_media":0,"parent":755,"menu_order":0,"comment_status":"closed","ping_status":"closed","template":"","meta":{"_acf_changed":false,"footnotes":""},"class_list":["post-958","page","type-page","status-publish","hentry"],"acf":[],"_links":{"self":[{"href":"https:\/\/www.upra.org\/es\/wp-json\/wp\/v2\/pages\/958","targetHints":{"allow":["GET"]}}],"collection":[{"href":"https:\/\/www.upra.org\/es\/wp-json\/wp\/v2\/pages"}],"about":[{"href":"https:\/\/www.upra.org\/es\/wp-json\/wp\/v2\/types\/page"}],"author":[{"embeddable":true,"href":"https:\/\/www.upra.org\/es\/wp-json\/wp\/v2\/users\/3"}],"replies":[{"embeddable":true,"href":"https:\/\/www.upra.org\/es\/wp-json\/wp\/v2\/comments?post=958"}],"version-history":[{"count":57,"href":"https:\/\/www.upra.org\/es\/wp-json\/wp\/v2\/pages\/958\/revisions"}],"predecessor-version":[{"id":11499,"href":"https:\/\/www.upra.org\/es\/wp-json\/wp\/v2\/pages\/958\/revisions\/11499"}],"up":[{"embeddable":true,"href":"https:\/\/www.upra.org\/es\/wp-json\/wp\/v2\/pages\/755"}],"wp:attachment":[{"href":"https:\/\/www.upra.org\/es\/wp-json\/wp\/v2\/media?parent=958"}],"curies":[{"name":"wp","href":"https:\/\/api.w.org\/{rel}","templated":true}]}}